{"id":2,"date":"2024-02-12T17:03:02","date_gmt":"2024-02-12T16:03:02","guid":{"rendered":"http:\/\/sm2e.ma\/?page_id=2"},"modified":"2024-02-13T19:29:03","modified_gmt":"2024-02-13T18:29:03","slug":"a-propos-de-nous","status":"publish","type":"page","link":"https:\/\/sm2e.ma\/index.php\/a-propos-de-nous\/","title":{"rendered":"\u00c0 propos de nous"},"content":{"rendered":"\n\t<section class=\"section dark\" id=\"section_1491459053\">\n\t\t<div class=\"bg section-bg fill bg-fill  \" >\n\n\t\t\t\n\t\t\t<div class=\"section-bg-overlay absolute fill\"><\/div>\n\t\t\t\n\n\t\t<\/div>\n\n\t\t\n\n\t\t<div class=\"section-content relative\">\n\t\t\t\n\n<div class=\"row\"  id=\"row-1434920218\">\n\n\n\t<div id=\"col-1842037107\" class=\"col medium-7 small-9 large-8\"  >\n\t\t\t\t<div class=\"col-inner\"  >\n\t\t\t\n\t\t\t\n\n\t<div id=\"text-1418599501\" class=\"text\">\n\t\t\n\n<h1><span style=\"font-size: 250%;\">\u00c0 Propos de Nous<\/span><\/h1>\n\n\t\t\n<style>\n#text-1418599501 {\n  font-size: 0.85rem;\n}\n<\/style>\n\t<\/div>\n\t\n<div class=\"is-divider divider clearfix\" style=\"max-width:90px;height:5px;background-color:rgb(233, 123, 43);\"><\/div>\n\n\n\t\t<\/div>\n\t\t\t\t\t<\/div>\n\n\t\n\n<\/div>\n\n\t\t<\/div>\n\n\t\t\n<style>\n#section_1491459053 {\n  padding-top: 100px;\n  padding-bottom: 100px;\n}\n#section_1491459053 .section-bg-overlay {\n  background-color: rgba(0, 0, 0, 0.57);\n}\n#section_1491459053 .section-bg.bg-loaded {\n  background-image: url(https:\/\/sm2e.ma\/wp-content\/uploads\/2024\/02\/geo-5-1.png);\n}\n@media (min-width:550px) {\n  #section_1491459053 {\n    padding-top: 140px;\n    padding-bottom: 140px;\n  }\n}\n@media (min-width:850px) {\n  #section_1491459053 {\n    padding-top: 180px;\n    padding-bottom: 180px;\n  }\n}\n<\/style>\n\t<\/section>\n\t\n\t<section class=\"section\" id=\"section_1999722427\">\n\t\t<div class=\"bg section-bg fill bg-fill  bg-loaded\" >\n\n\t\t\t\n\t\t\t\n\t\t\t\n\n\t\t<\/div>\n\n\t\t\n\n\t\t<div class=\"section-content relative\">\n\t\t\t\n\n<div class=\"row row-solid\"  id=\"row-499995172\">\n\n\n\t<div id=\"col-889964958\" class=\"col medium-4 small-12 large-4\"  >\n\t\t\t\t<div class=\"col-inner text-center\"  >\n\t\t\t\n\t\t\t\n\n<a href=\"#introduction\" target=\"_self\" class=\"button primary is-link\"  >\n    <span>\u00c0 Propos de SM2E<\/span>\n  <\/a>\n\n\n\n\t\t<\/div>\n\t\t\t\t\t<\/div>\n\n\t\n\n\t<div id=\"col-705908319\" class=\"col medium-4 small-12 large-4\"  >\n\t\t\t\t<div class=\"col-inner text-center\"  >\n\t\t\t\n\t\t\t\n\n<a href=\"#experiences\" target=\"_self\" class=\"button primary is-link\"  >\n    <span>DOMAINES D'ACTIVITE<\/span>\n  <\/a>\n\n\n\n\t\t<\/div>\n\t\t\t\t\t<\/div>\n\n\t\n\n\t<div id=\"col-224297493\" class=\"col medium-4 small-12 large-4\"  >\n\t\t\t\t<div class=\"col-inner text-center\"  >\n\t\t\t\n\t\t\t\n\n<a href=\"#services\" target=\"_self\" class=\"button primary is-link\"  >\n    <span>Pourquoi Choisir SM2E<\/span>\n  <\/a>\n\n\n\n\t\t<\/div>\n\t\t\t\t\t<\/div>\n\n\t\n\n\n<style>\n#row-499995172 > .col > .col-inner {\n  padding: 10px 0px 0px 0px;\n}\n<\/style>\n<\/div>\n\n\t\t<\/div>\n\n\t\t\n<style>\n#section_1999722427 {\n  padding-top: 30px;\n  padding-bottom: 30px;\n}\n<\/style>\n\t<\/section>\n\t\n<span class=\"scroll-to\" data-label=\"Scroll to: #introduction\" data-bullet=\"false\" data-link=\"#introduction\" data-title=\"introduction\" ><a name=\"introduction\"><\/a><\/span>\n\n\t<section class=\"section\" id=\"section_1200054938\">\n\t\t<div class=\"bg section-bg fill bg-fill  bg-loaded\" >\n\n\t\t\t\n\t\t\t\n\t\t\t\n\n\t\t<\/div>\n\n\t\t\n\n\t\t<div class=\"section-content relative\">\n\t\t\t\n\n<div class=\"row\"  id=\"row-247208881\">\n\n\n\t<div id=\"col-260666684\" class=\"col small-12 large-12\"  >\n\t\t\t\t<div class=\"col-inner\"  >\n\t\t\t\n\t\t\t\n\n<div class=\"is-divider divider clearfix\" style=\"max-width:50px;height:2px;background-color:rgb(111, 166, 212);\"><\/div>\n\n<h2><span style=\"font-size: 150%;\">QUI SOMMES NOUS ?<\/span><\/h2>\n\n\n\t\t<\/div>\n\t\t\t\t\t<\/div>\n\n\t\n\n<\/div>\n<div class=\"row align-right\"  id=\"row-777360580\">\n\n\n\t<div id=\"col-1510834395\" class=\"col medium-4 small-12 large-4\"  >\n\t\t\t\t<div class=\"col-inner\"  >\n\t\t\t\n\t\t\t\n\n<p>La soci\u00e9t\u00e9 SM2E, sp\u00e9cialis\u00e9e en ing\u00e9nierie et topographie, met \u00e0 votre disposition son savoir-faire technique depuis la pr\u00e9-\u00e9tude jusqu&rsquo;\u00e0 la gestion des infrastructures, en passant par toutes les phases du chantier. Notre mission est d&rsquo;accompagner notre client\u00e8le dans la recherche des meilleures solutions dans notre domaine de comp\u00e9tence.<\/p>\n<p>\u00a0<\/p>\n\n\t\t<\/div>\n\t\t\t\t\t<\/div>\n\n\t\n\n\t<div id=\"col-744285778\" class=\"col medium-4 small-12 large-4\"  >\n\t\t\t\t<div class=\"col-inner\"  >\n\t\t\t\n\t\t\t\n\n<p>Avec une expertise reconnue, SM2E est devenue un partenaire technique innovant pour tout projet d&rsquo;am\u00e9nagement urbain et rural. Nous intervenons dans divers domaines, notamment le cadastre, la cartographie, les r\u00e9seaux de voirie, d&rsquo;eau potable et d&rsquo;assainissement, pour contribuer au d\u00e9veloppement harmonieux des territoires.<\/p>\n\n\t\t<\/div>\n\t\t\t\t\t<\/div>\n\n\t\n\n<\/div>\n\t<div id=\"gap-342822260\" class=\"gap-element clearfix\" style=\"display:block; height:auto;\">\n\t\t\n<style>\n#gap-342822260 {\n  padding-top: 400px;\n}\n<\/style>\n\t<\/div>\n\t\n\n\n\t\t<\/div>\n\n\t\t\n<style>\n#section_1200054938 {\n  padding-top: 30px;\n  padding-bottom: 30px;\n}\n<\/style>\n\t<\/section>\n\t\n\t<section class=\"section\" id=\"section_1723412457\">\n\t\t<div class=\"bg section-bg fill bg-fill  bg-loaded\" >\n\n\t\t\t\n\t\t\t\n\t\t\t\n\n\t\t<\/div>\n\n\t\t\n\n\t\t<div class=\"section-content relative\">\n\t\t\t\n\n<div class=\"row\"  id=\"row-1800722820\">\n\n\n\t<div id=\"col-1886981934\" class=\"col small-12 large-12\"  >\n\t\t\t\t<div class=\"col-inner\"  >\n\t\t\t\n\t\t\t\n\n<div class=\"row\"  id=\"row-1682679119\">\n\n\n\t<div id=\"col-302262939\" class=\"col medium-6 small-12 large-6\"  >\n\t\t\t\t<div class=\"col-inner\"  >\n\t\t\t\n\t\t\t\n\n\n  <div class=\"banner has-hover\" id=\"banner-704111608\">\n          <div class=\"banner-inner fill\">\n        <div class=\"banner-bg fill\" >\n            <div class=\"bg fill bg-fill \"><\/div>\n                        <div class=\"overlay\"><\/div>            \n                    <\/div>\n\t\t\n        <div class=\"banner-layers container\">\n            <div class=\"fill banner-link\"><\/div>            \n\n   <div id=\"text-box-1488807922\" class=\"text-box banner-layer x50 md-x50 lg-x50 y50 md-y50 lg-y50 res-text\">\n                                <div class=\"text-box-content text dark\">\n              \n              <div class=\"text-inner text-center\">\n                  \n\n\n              <\/div>\n           <\/div>\n                            \n<style>\n#text-box-1488807922 {\n  width: 60%;\n}\n#text-box-1488807922 .text-box-content {\n  font-size: 100%;\n}\n@media (min-width:550px) {\n  #text-box-1488807922 {\n    width: 60%;\n  }\n}\n<\/style>\n    <\/div>\n \n\n        <\/div>\n      <\/div>\n\n            \n<style>\n#banner-704111608 {\n  padding-top: 360px;\n  background-color: rgb(250, 250, 250);\n}\n#banner-704111608 .bg.bg-loaded {\n  background-image: url(https:\/\/sm2e.ma\/wp-content\/uploads\/2024\/02\/geo-10-1024x576.png);\n}\n#banner-704111608 .overlay {\n  background-color: rgba(0, 0, 0, 0.238);\n}\n#banner-704111608 .bg {\n  background-position: 47% 100%;\n}\n<\/style>\n  <\/div>\n\n\n\n\t\t<\/div>\n\t\t\t\t\t<\/div>\n\n\t\n\n\t<div id=\"col-829691270\" class=\"col medium-6 small-12 large-6\"  >\n\t\t\t\t<div class=\"col-inner\"  >\n\t\t\t\n\t\t\t\n\n\n  <div class=\"banner has-hover\" id=\"banner-883445357\">\n          <div class=\"banner-inner fill\">\n        <div class=\"banner-bg fill\" >\n            <div class=\"bg fill bg-fill \"><\/div>\n                        <div class=\"overlay\"><\/div>            \n                    <\/div>\n\t\t\n        <div class=\"banner-layers container\">\n            <div class=\"fill banner-link\"><\/div>            \n\n   <div id=\"text-box-916707608\" class=\"text-box banner-layer x50 md-x50 lg-x50 y50 md-y50 lg-y50 res-text\">\n                                <div class=\"text-box-content text dark\">\n              \n              <div class=\"text-inner text-center\">\n                  \n\n\n              <\/div>\n           <\/div>\n                            \n<style>\n#text-box-916707608 {\n  width: 60%;\n}\n#text-box-916707608 .text-box-content {\n  font-size: 100%;\n}\n@media (min-width:550px) {\n  #text-box-916707608 {\n    width: 60%;\n  }\n}\n<\/style>\n    <\/div>\n \n\n        <\/div>\n      <\/div>\n\n            \n<style>\n#banner-883445357 {\n  padding-top: 500px;\n  background-color: rgb(250, 250, 250);\n}\n#banner-883445357 .bg.bg-loaded {\n  background-image: url(https:\/\/sm2e.ma\/wp-content\/uploads\/2024\/02\/geo-9-1024x576.png);\n}\n#banner-883445357 .overlay {\n  background-color: rgba(0, 0, 0, 0.273);\n}\n#banner-883445357 .bg {\n  background-position: 23% 49%;\n}\n<\/style>\n  <\/div>\n\n\n\n\t\t<\/div>\n\t\t\t\t\t<\/div>\n\n\t\n\n<\/div>\n\n\t\t<\/div>\n\t\t\t\t\n<style>\n#col-1886981934 > .col-inner {\n  margin: -390px 0px 0px 0px;\n}\n<\/style>\n\t<\/div>\n\n\t\n\n<\/div>\n\n\t\t<\/div>\n\n\t\t\n<style>\n#section_1723412457 {\n  padding-top: 30px;\n  padding-bottom: 30px;\n  background-color: #273647;\n}\n<\/style>\n\t<\/section>\n\t\n<span class=\"scroll-to\" data-label=\"Scroll to: #experiences\" data-bullet=\"false\" data-link=\"#experiences\" data-title=\"experiences\" ><a name=\"experiences\"><\/a><\/span>\n\n\t<section class=\"section dark\" id=\"section_1273996841\">\n\t\t<div class=\"bg section-bg fill bg-fill  bg-loaded\" >\n\n\t\t\t\n\t\t\t\n\t\t\t\n\n\t\t<\/div>\n\n\t\t\n\n\t\t<div class=\"section-content relative\">\n\t\t\t\n\n<div class=\"row row-large\"  id=\"row-1637722445\">\n\n\n\t<div id=\"col-503836993\" class=\"col small-12 large-12\"  >\n\t\t\t\t<div class=\"col-inner\"  >\n\t\t\t\n\t\t\t\n\n<div class=\"container section-title-container\" style=\"margin-top:5px;margin-bottom:5px;\"><h3 class=\"section-title section-title-normal\"><b><\/b><span class=\"section-title-main\" style=\"font-size:80%;color:rgb(233, 123, 43);\">01<\/span><b><\/b><\/h3><\/div>\n\n\n\t\t<\/div>\n\t\t\t\t\n<style>\n#col-503836993 > .col-inner {\n  margin: 0px 0px -20px 0px;\n}\n<\/style>\n\t<\/div>\n\n\t\n\n\t<div id=\"col-2050305929\" class=\"col medium-12 small-12 large-6\"  >\n\t\t\t\t<div class=\"col-inner\"  >\n\t\t\t\n\t\t\t\n\n\t<div id=\"text-279297644\" class=\"text\">\n\t\t\n\n<h3><span style=\"font-size: 180%;\"><strong>Plans Topographiques<\/strong><br \/><br \/><\/span><\/h3>\n\t\t\n<style>\n#text-279297644 {\n  font-size: 1.05rem;\n}\n<\/style>\n\t<\/div>\n\t\n\n\t\t<\/div>\n\t\t\t\t\t<\/div>\n\n\t\n\n\t<div id=\"col-898645142\" class=\"col medium-12 small-12 large-6\"  >\n\t\t\t\t<div class=\"col-inner\"  >\n\t\t\t\n\t\t\t\n\n\t<div id=\"text-3217102964\" class=\"text\">\n\t\t\n\n<p>\u00c9tablissement de plans topographiques \u00e0 toutes \u00e9chelles, comprenant les plans de d\u00e9limitation et de bornage, les plans parcellaires, les plans de r\u00e9colement, les plans de morcellement et les plans de situation.<\/p>\n\t\t\n<style>\n#text-3217102964 {\n  line-height: 1.75;\n}\n<\/style>\n\t<\/div>\n\t\n\n\t\t<\/div>\n\t\t\t\t\t<\/div>\n\n\t\n\n<\/div>\n<div class=\"row row-large\"  id=\"row-288292068\">\n\n\n\t<div id=\"col-1134915039\" class=\"col small-12 large-12\"  >\n\t\t\t\t<div class=\"col-inner\"  >\n\t\t\t\n\t\t\t\n\n<div class=\"container section-title-container\" style=\"margin-top:5px;margin-bottom:5px;\"><h3 class=\"section-title section-title-normal\"><b><\/b><span class=\"section-title-main\" style=\"font-size:80%;color:rgb(233, 123, 43);\">02<\/span><b><\/b><\/h3><\/div>\n\n\n\t\t<\/div>\n\t\t\t\t\n<style>\n#col-1134915039 > .col-inner {\n  padding: 60px 0px 0px 0px;\n  margin: 0px 0px -20px 0px;\n}\n<\/style>\n\t<\/div>\n\n\t\n\n\t<div id=\"col-1065019825\" class=\"col medium-12 small-12 large-6\"  >\n\t\t\t\t<div class=\"col-inner\"  >\n\t\t\t\n\t\t\t\n\n\t<div id=\"text-2473579730\" class=\"text\">\n\t\t\n\n<h3><span style=\"font-size: 180%;\"><strong>Travaux Topographiques<\/strong><\/span><\/h3>\n\t\t\n<style>\n#text-2473579730 {\n  font-size: 1.05rem;\n}\n<\/style>\n\t<\/div>\n\t\n\n\t\t<\/div>\n\t\t\t\t\t<\/div>\n\n\t\n\n\t<div id=\"col-350709735\" class=\"col medium-12 small-12 large-6\"  >\n\t\t\t\t<div class=\"col-inner\"  >\n\t\t\t\n\t\t\t\n\n\t<div id=\"text-3842167950\" class=\"text\">\n\t\t\n\n<p>R\u00e9alisation de diverses op\u00e9rations et travaux topographiques, tels que les lev\u00e9s de d\u00e9tails, le nivellement, l&rsquo;implantation, le r\u00e9tablissement des bornes et le positionnement par satellite (GPS).<\/p>\n\t\t\n<style>\n#text-3842167950 {\n  line-height: 1.75;\n}\n<\/style>\n\t<\/div>\n\t\n\n\t\t<\/div>\n\t\t\t\t\t<\/div>\n\n\t\n\n<\/div>\n<div class=\"row row-large\"  id=\"row-22990172\">\n\n\n\t<div id=\"col-495483870\" class=\"col small-12 large-12\"  >\n\t\t\t\t<div class=\"col-inner\"  >\n\t\t\t\n\t\t\t\n\n<div class=\"container section-title-container\" style=\"margin-top:5px;margin-bottom:5px;\"><h3 class=\"section-title section-title-normal\"><b><\/b><span class=\"section-title-main\" style=\"font-size:80%;color:rgb(233, 123, 43);\">03<\/span><b><\/b><\/h3><\/div>\n\n\n\t\t<\/div>\n\t\t\t\t\n<style>\n#col-495483870 > .col-inner {\n  padding: 60px 0px 0px 0px;\n  margin: 0px 0px -20px 0px;\n}\n<\/style>\n\t<\/div>\n\n\t\n\n\t<div id=\"col-1298019507\" class=\"col medium-12 small-12 large-6\"  >\n\t\t\t\t<div class=\"col-inner\"  >\n\t\t\t\n\t\t\t\n\n\t<div id=\"text-1537393901\" class=\"text\">\n\t\t\n\n<h3><span style=\"font-size: 180%;\"><strong>Assistance Technique et Surveillance <\/strong><br \/><\/span><\/h3>\n\t\t\n<style>\n#text-1537393901 {\n  font-size: 1.05rem;\n}\n<\/style>\n\t<\/div>\n\t\n\n\t\t<\/div>\n\t\t\t\t\t<\/div>\n\n\t\n\n\t<div id=\"col-1047182223\" class=\"col medium-12 small-12 large-6\"  >\n\t\t\t\t<div class=\"col-inner\"  >\n\t\t\t\n\t\t\t\n\n\t<div id=\"text-217039892\" class=\"text\">\n\t\t\n\n<p>Fourniture d&rsquo;une assistance technique et surveillance des travaux sur chantiers, incluant la r\u00e9alisation des implantations, le suivi des travaux de terrassement, l&rsquo;implantation des ouvrages, les calculs de cubature, le contr\u00f4le des travaux et le r\u00e9colement des travaux de r\u00e9seaux.<\/p>\n\t\t\n<style>\n#text-217039892 {\n  line-height: 1.75;\n}\n<\/style>\n\t<\/div>\n\t\n\n\t\t<\/div>\n\t\t\t\t\t<\/div>\n\n\t\n\n<\/div>\n\t<div id=\"gap-1604157910\" class=\"gap-element clearfix\" style=\"display:block; height:auto;\">\n\t\t\n<style>\n#gap-1604157910 {\n  padding-top: 80px;\n}\n<\/style>\n\t<\/div>\n\t\n\n\n\t\t<\/div>\n\n\t\t\n<style>\n#section_1273996841 {\n  padding-top: 80px;\n  padding-bottom: 80px;\n  background-color: #273647;\n}\n<\/style>\n\t<\/section>\n\t\n<span class=\"scroll-to\" data-label=\"Scroll to: #services\" data-bullet=\"false\" data-link=\"#services\" data-title=\"services\" ><a name=\"services\"><\/a><\/span>\n\n\t<section class=\"section\" id=\"section_594140746\">\n\t\t<div class=\"bg section-bg fill bg-fill  bg-loaded\" >\n\n\t\t\t\n\t\t\t\n\t\t\t\n\n\t\t<\/div>\n\n\t\t\n\n\t\t<div class=\"section-content relative\">\n\t\t\t\n\n<div class=\"row row-collapse row-full-width\"  id=\"row-1723122346\">\n\n\n\t<div id=\"col-1924412627\" class=\"col medium-6 small-12 large-6\"  >\n\t\t\t\t<div class=\"col-inner\" style=\"background-color:rgb(242, 245, 247);\" >\n\t\t\t\n\t\t\t\n\n\t<div id=\"gap-885420000\" class=\"gap-element clearfix\" style=\"display:block; height:auto;\">\n\t\t\n<style>\n#gap-885420000 {\n  padding-top: 400px;\n}\n<\/style>\n\t<\/div>\n\t\n\n\n\t\t<\/div>\n\t\t\t\t\t<\/div>\n\n\t\n\n\t<div id=\"col-1441200693\" class=\"col medium-6 small-12 large-6\"  >\n\t\t\t\t<div class=\"col-inner\"  >\n\t\t\t\n\t\t\t\n\n\n\t\t<\/div>\n\t\t\t\t\t<\/div>\n\n\t\n\n<\/div>\n<div class=\"row\"  id=\"row-1290588489\">\n\n\n\t<div id=\"col-1856845475\" class=\"col small-12 large-12\"  >\n\t\t\t\t<div class=\"col-inner\"  >\n\t\t\t\n\t\t\t\n\n<div class=\"row\"  id=\"row-921178894\">\n\n\n\t<div id=\"col-1570561109\" class=\"col small-12 large-12\"  >\n\t\t\t\t<div class=\"col-inner\"  >\n\t\t\t\n\t\t\t\n\n<div class=\"is-divider divider clearfix\" style=\"max-width:50px;height:4px;background-color:rgb(233, 123, 43);\"><\/div>\n\n<h4><span style=\"font-size: 150%;\">Pourquoi choisir SM2E <\/span><\/h4>\n\n\t\t<\/div>\n\t\t\t\t\t<\/div>\n\n\t\n\n<\/div>\n<div class=\"row\"  id=\"row-27350761\">\n\n\n\t<div id=\"col-474260959\" class=\"col medium-8 small-12 large-8\"  >\n\t\t\t\t<div class=\"col-inner\"  >\n\t\t\t\n\t\t\t\n\n<p>Chez SM2E, nous nous engageons \u00e0 offrir \u00e0 nos clients une expertise technique de premier ordre ainsi qu&rsquo;un service personnalis\u00e9 et attentif \u00e0 leurs besoins. Notre \u00e9quipe qualifi\u00e9e, \u00e9quip\u00e9e des outils logiciels les plus avanc\u00e9s, est d\u00e9termin\u00e9e \u00e0 fournir des solutions sur mesure dans les domaines de l&rsquo;ing\u00e9nierie et de la topographie.<\/p>\n<p>Nous nous distinguons par notre engagement envers l&rsquo;excellence, notre souci du d\u00e9tail et notre capacit\u00e9 \u00e0 r\u00e9pondre efficacement aux d\u00e9fis les plus complexes. En choisissant SM2E, vous optez pour un partenaire de confiance qui vous accompagnera \u00e0 chaque \u00e9tape de votre projet, de sa conception \u00e0 sa r\u00e9alisation, en vous garantissant des r\u00e9sultats de qualit\u00e9 et une satisfaction totale.<\/p>\n\n\t\t<\/div>\n\t\t\t\t\t<\/div>\n\n\t\n\n\t<div id=\"col-750775206\" class=\"col medium-4 small-12 large-4\"  >\n\t\t\t\t<div class=\"col-inner\"  >\n\t\t\t\n\t\t\t\n\n\t<div class=\"box has-hover   has-hover box-shade dark box-text-bottom\" >\n\n\t\t<div class=\"box-image\" >\n\t\t\t\t\t\t<div class=\"image-cover\" style=\"padding-top:400px;\">\n\t\t\t\t<img loading=\"lazy\" decoding=\"async\" width=\"1366\" height=\"768\" src=\"https:\/\/sm2e.ma\/wp-content\/uploads\/2024\/02\/geo-4.png\" class=\"attachment- size-\" alt=\"\" srcset=\"https:\/\/sm2e.ma\/wp-content\/uploads\/2024\/02\/geo-4.png 1366w, https:\/\/sm2e.ma\/wp-content\/uploads\/2024\/02\/geo-4-300x169.png 300w, https:\/\/sm2e.ma\/wp-content\/uploads\/2024\/02\/geo-4-1024x576.png 1024w, https:\/\/sm2e.ma\/wp-content\/uploads\/2024\/02\/geo-4-768x432.png 768w\" sizes=\"auto, (max-width: 1366px) 100vw, 1366px\" \/>\t\t\t\t<div class=\"overlay\" style=\"background-color:rgba(0, 0, 0, 0.18)\"><\/div>\t\t\t\t<div class=\"shade\"><\/div>\t\t\t<\/div>\n\t\t\t\t\t<\/div>\n\n\t\t<div class=\"box-text text-center\" style=\"padding:10px 10px 40px 10px;\">\n\t\t\t<div class=\"box-text-inner\">\n\t\t\t\t\n\n<div class=\"row row-collapse\"  id=\"row-1829682352\">\n\n\n\t<div id=\"col-564132574\" class=\"col medium-6 small-6 large-6\"  >\n\t\t\t\t<div class=\"col-inner\"  >\n\t\t\t\n\t\t\t\n\n\t<div id=\"gap-1843770917\" class=\"gap-element clearfix\" style=\"display:block; height:auto;\">\n\t\t\n<style>\n#gap-1843770917 {\n  padding-top: 50px;\n}\n<\/style>\n\t<\/div>\n\t\n\n\n\t\t<\/div>\n\t\t\t\t\t<\/div>\n\n\t\n\n\t<div id=\"col-1912858423\" class=\"col medium-6 small-6 large-6\"  >\n\t\t\t\t<div class=\"col-inner\"  >\n\t\t\t\n\t<div class=\"is-border\"\n\t\tstyle=\"border-color:rgb(255, 255, 255);border-width:0px 0px 0px 2px;\">\n\t<\/div>\n\t\t\t\n\n\t<div id=\"gap-1958186360\" class=\"gap-element clearfix\" style=\"display:block; height:auto;\">\n\t\t\n<style>\n#gap-1958186360 {\n  padding-top: 50px;\n}\n<\/style>\n\t<\/div>\n\t\n\n\n\t\t<\/div>\n\t\t\t\t\t<\/div>\n\n\t\n\n<\/div>\n\t<div id=\"gap-855279669\" class=\"gap-element clearfix\" style=\"display:block; height:auto;\">\n\t\t\n<style>\n#gap-855279669 {\n  padding-top: 30px;\n}\n<\/style>\n\t<\/div>\n\t\n\n<h3>SM2E<br \/>\n<\/h3>\n\n\n\t\t\t<\/div>\n\t\t<\/div>\n\t<\/div>\n\t\n\n\t\t<\/div>\n\t\t\t\t\t<\/div>\n\n\t\n\n<\/div>\n\n\t\t<\/div>\n\t\t\t\t\n<style>\n#col-1856845475 > .col-inner {\n  margin: -250px 0px 0px 0px;\n}\n<\/style>\n\t<\/div>\n\n\t\n\n<\/div>\n\t<div id=\"gap-752800955\" class=\"gap-element clearfix\" style=\"display:block; height:auto;\">\n\t\t\n<style>\n#gap-752800955 {\n  padding-top: 100px;\n}\n<\/style>\n\t<\/div>\n\t\n\n\n\t\t<\/div>\n\n\t\t\n<style>\n#section_594140746 {\n  padding-top: 0px;\n  padding-bottom: 0px;\n}\n<\/style>\n\t<\/section>\n\t\n\n","protected":false},"excerpt":{"rendered":"","protected":false},"author":1,"featured_media":0,"parent":0,"menu_order":0,"comment_status":"closed","ping_status":"closed","template":"page-blank.php","meta":{"footnotes":""},"class_list":["post-2","page","type-page","status-publish","hentry"],"_links":{"self":[{"href":"https:\/\/sm2e.ma\/index.php\/wp-json\/wp\/v2\/pages\/2","targetHints":{"allow":["GET"]}}],"collection":[{"href":"https:\/\/sm2e.ma\/index.php\/wp-json\/wp\/v2\/pages"}],"about":[{"href":"https:\/\/sm2e.ma\/index.php\/wp-json\/wp\/v2\/types\/page"}],"author":[{"embeddable":true,"href":"https:\/\/sm2e.ma\/index.php\/wp-json\/wp\/v2\/users\/1"}],"replies":[{"embeddable":true,"href":"https:\/\/sm2e.ma\/index.php\/wp-json\/wp\/v2\/comments?post=2"}],"version-history":[{"count":3,"href":"https:\/\/sm2e.ma\/index.php\/wp-json\/wp\/v2\/pages\/2\/revisions"}],"predecessor-version":[{"id":131,"href":"https:\/\/sm2e.ma\/index.php\/wp-json\/wp\/v2\/pages\/2\/revisions\/131"}],"wp:attachment":[{"href":"https:\/\/sm2e.ma\/index.php\/wp-json\/wp\/v2\/media?parent=2"}],"curies":[{"name":"wp","href":"https:\/\/api.w.org\/{rel}","templated":true}]}}