{"id":13,"date":"2024-02-12T18:00:16","date_gmt":"2024-02-12T17:00:16","guid":{"rendered":"https:\/\/sm2e.ma\/?page_id=13"},"modified":"2024-02-14T12:09:44","modified_gmt":"2024-02-14T11:09:44","slug":"accueil","status":"publish","type":"page","link":"https:\/\/sm2e.ma\/","title":{"rendered":"Accueil"},"content":{"rendered":"\n<div class=\"slider-wrapper relative\" id=\"slider-909626812\" >\n    <div class=\"slider slider-nav-circle slider-nav-large slider-nav-light slider-style-normal\"\n        data-flickity-options='{\n            \"cellAlign\": \"center\",\n            \"imagesLoaded\": true,\n            \"lazyLoad\": 1,\n            \"freeScroll\": false,\n            \"wrapAround\": true,\n            \"autoPlay\": 6000,\n            \"pauseAutoPlayOnHover\" : true,\n            \"prevNextButtons\": true,\n            \"contain\" : true,\n            \"adaptiveHeight\" : true,\n            \"dragThreshold\" : 10,\n            \"percentPosition\": true,\n            \"pageDots\": true,\n            \"rightToLeft\": false,\n            \"draggable\": true,\n            \"selectedAttraction\": 0.1,\n            \"parallax\" : 0,\n            \"friction\": 0.6        }'\n        >\n        \n\n\n  <div class=\"banner has-hover has-video\" id=\"banner-1530802041\">\n          <div class=\"banner-inner fill\">\n        <div class=\"banner-bg fill\" >\n            <div class=\"bg fill bg-fill \"><\/div>\n            \t<div class=\"video-overlay no-click fill visible\"><\/div>\n\t<video class=\"video-bg fill visible\" preload playsinline autoplay muted loop>\n\t\t<source src=\"https:\/\/sm2e.ma\/wp-content\/uploads\/2024\/02\/Untitled-design-2.mp4\" type=\"video\/mp4\">\t<\/video>\n                        \n                    <\/div>\n\t\t\n        <div class=\"banner-layers container\">\n            <div class=\"fill banner-link\"><\/div>            \n\n   <div id=\"text-box-2121668557\" class=\"text-box banner-layer x10 md-x10 lg-x10 y50 md-y50 lg-y50 res-text\">\n                     <div data-animate=\"fadeInLeft\">           <div class=\"text-box-content text \">\n              \n              <div class=\"text-inner text-left\">\n                  \n\n\t<div id=\"text-1084930141\" class=\"text\">\n\t\t\n\n<h3 class=\"alt-font\"><strong>Bienvenue chez SM2E<\/strong><\/h3>\n<h2 class=\"uppercase\" data-animate=\"fadeInLeft\" data-animated=\"true\"><strong>\u00c9tudes et Travaux Topographiques<\/strong><\/h2>\n\t\t\n<style>\n#text-1084930141 {\n  color: rgb(255,255,255);\n}\n#text-1084930141 > * {\n  color: rgb(255,255,255);\n}\n<\/style>\n\t<\/div>\n\t\n<div class=\"is-divider divider clearfix\" style=\"max-width:90px;background-color:rgb(255, 255, 255);\"><\/div>\n\n<a href=\"#apropos\" target=\"_self\" class=\"button white box-shadow-1\"  style=\"border-radius:90px;\">\n    <span>\u00c0 propos<\/span>\n  <i class=\"icon-angle-right\" aria-hidden=\"true\" ><\/i><\/a>\n\n\n\n              <\/div>\n           <\/div>\n       <\/div>                     \n<style>\n#text-box-2121668557 {\n  width: 84%;\n}\n#text-box-2121668557 .text-box-content {\n  font-size: 100%;\n}\n@media (min-width:550px) {\n  #text-box-2121668557 {\n    width: 40%;\n  }\n}\n<\/style>\n    <\/div>\n \n\n        <\/div>\n      <\/div>\n\n            \n<style>\n#banner-1530802041 {\n  padding-top: 600px;\n}\n<\/style>\n  <\/div>\n\n\n\n  <div class=\"banner has-hover\" id=\"banner-2064473316\">\n          <div class=\"banner-inner fill\">\n        <div class=\"banner-bg fill\" >\n            <div class=\"bg fill bg-fill \"><\/div>\n                        <div class=\"overlay\"><\/div>            \n                    <\/div>\n\t\t\n        <div class=\"banner-layers container\">\n            <div class=\"fill banner-link\"><\/div>            \n\n   <div id=\"text-box-1439371108\" class=\"text-box banner-layer x50 md-x90 lg-x90 y50 md-y50 lg-y50 res-text\">\n                     <div data-animate=\"fadeInLeft\">           <div class=\"text-box-content text dark\">\n              \n              <div class=\"text-inner text-center\">\n                  \n\n<h3 class=\"alt-font\">SM2E<\/h3>\n<h2 class=\"uppercase\" data-animate=\"fadeInLeft\" data-animated=\"true\"><strong>Pr\u00e9cision, expertise, efficacit\u00e9<\/strong><\/h2>\n<p class=\"lead\">Confiez vos projets topographiques \u00e0 SM2E<\/p>\n<a href=\"\/index.php\/services\/\" target=\"_self\" class=\"button primary\"  style=\"border-radius:70px;\">\n    <span>Plus d'info<\/span>\n  <i class=\"icon-angle-right\" aria-hidden=\"true\" ><\/i><\/a>\n\n\n\n              <\/div>\n           <\/div>\n       <\/div>                     \n<style>\n#text-box-1439371108 {\n  width: 100%;\n}\n#text-box-1439371108 .text-box-content {\n  font-size: 100%;\n}\n@media (min-width:550px) {\n  #text-box-1439371108 {\n    width: 40%;\n  }\n}\n<\/style>\n    <\/div>\n \n\n        <\/div>\n      <\/div>\n\n            \n<style>\n#banner-2064473316 {\n  padding-top: 600px;\n}\n#banner-2064473316 .bg.bg-loaded {\n  background-image: url(https:\/\/sm2e.ma\/wp-content\/uploads\/2024\/02\/27-1024x576.png);\n}\n#banner-2064473316 .overlay {\n  background-color: rgba(233, 123, 43, 0.297);\n}\n#banner-2064473316 .bg {\n  background-position: 67% 70%;\n}\n<\/style>\n  <\/div>\n\n\n\n     <\/div>\n\n     <div class=\"loading-spin dark large centered\"><\/div>\n\n\t<\/div>\n\n\n<div class=\"row row-collapse row-full-width align-equal\"  id=\"row-2044429827\">\n\n\n\t<div id=\"col-1520118403\" class=\"col medium-6 small-12 large-6\"  >\n\t\t\t\t<div class=\"col-inner text-center dark\" style=\"background-color:rgb(39, 54, 70);\" >\n\t\t\t\n\t\t\t\n\n\t<div id=\"text-671026348\" class=\"text\">\n\t\t\n\n<h2>Demande de Devis<\/h2>\n\t\t\n<style>\n#text-671026348 {\n  font-size: 1.25rem;\n}\n@media (min-width:850px) {\n  #text-671026348 {\n    font-size: 1.5rem;\n  }\n}\n<\/style>\n\t<\/div>\n\t\n<p>Besoin d&rsquo;un service topographique pr\u00e9cis et fiable pour votre projet ? Remplissez le formulaire ci-dessous et recevez un devis personnalis\u00e9 en quelques instants.<\/p>\n<a href=\"\/index.php\/demande-de-devis\/\" target=\"_self\" class=\"button white is-outline\"  style=\"border-radius:5px;\">\n    <span>demandeR<\/span>\n  <\/a>\n\n\n\n\t\t<\/div>\n\t\t\t\t\n<style>\n#col-1520118403 > .col-inner {\n  padding: 50px 50px 20px 50px;\n}\n<\/style>\n\t<\/div>\n\n\t\n\n\t<div id=\"col-1125419029\" class=\"col medium-6 small-12 large-6\"  >\n\t\t\t\t<div class=\"col-inner text-center dark\" style=\"background-color:rgb(32, 48, 64);\" >\n\t\t\t\n\t\t\t\n\n\t<div id=\"text-2747111207\" class=\"text\">\n\t\t\n\n<h2>Offres de Stages<\/h2>\n\t\t\n<style>\n#text-2747111207 {\n  font-size: 1.25rem;\n}\n@media (min-width:850px) {\n  #text-2747111207 {\n    font-size: 1.5rem;\n  }\n}\n<\/style>\n\t<\/div>\n\t\n<p>Vous \u00eates passionn\u00e9 par le domaine topographique et vous souhaitez acqu\u00e9rir une exp\u00e9rience pratique au sein d&rsquo;une entreprise ? D\u00e9couvrez nos offres de stages<\/p>\n<a class=\"button white is-outline\"  style=\"border-radius:5px;\">\n    <span>D\u00e9couvrir<\/span>\n  <\/a>\n\n\n\n\t\t<\/div>\n\t\t\t\t\n<style>\n#col-1125419029 > .col-inner {\n  padding: 50px 50px 20px 50px;\n}\n<\/style>\n\t<\/div>\n\n\t\n\n<\/div>\n\t<section class=\"section\" id=\"section_1533939081\">\n\t\t<div class=\"bg section-bg fill bg-fill  bg-loaded\" >\n\n\t\t\t\n\t\t\t\n\t\t\t\n\n\t\t<\/div>\n\n\t\t\n\n\t\t<div class=\"section-content relative\">\n\t\t\t\n\n<div class=\"text-center\"><div class=\"is-divider divider clearfix\" style=\"max-width:90px;height:5px;background-color:rgb(233, 123, 43);\"><\/div><\/div>\n\n<div class=\"row align-equal align-center\"  id=\"row-758062580\">\n\n\n\t<div id=\"col-1342864091\" class=\"col small-12 large-12\"  data-animate=\"fadeInUp\">\n\t\t\t\t<div class=\"col-inner text-center\"  >\n\t\t\t\n\t\t\t\n\n<h6>Services<\/h6>\n\t<div id=\"text-684856852\" class=\"text\">\n\t\t\n\n<h3>Que pouvons-nous vous offrir<\/h3>\n\t\t\n<style>\n#text-684856852 {\n  font-size: 1.75rem;\n}\n<\/style>\n\t<\/div>\n\t\n<p>Cras nec justo vel elit pulvinar molestie. Praesent facilisis odio est, id gravida magna tempor nec. In commodo lacus vitae risus auctor, vitae tincidunt velit placerat.<\/p>\n\n\t\t<\/div>\n\t\t\t\t\n<style>\n#col-1342864091 > .col-inner {\n  padding: 0px 15px 0px 15px;\n}\n@media (min-width:550px) {\n  #col-1342864091 > .col-inner {\n    padding: 0px 145px 0px 145px;\n  }\n}\n@media (min-width:850px) {\n  #col-1342864091 > .col-inner {\n    padding: 0px 185px 0px 185px;\n  }\n}\n<\/style>\n\t<\/div>\n\n\t\n\n<\/div>\n<div class=\"row row-solid\"  id=\"row-1801821523\">\n\n\n\t<div id=\"col-745930641\" class=\"col medium-4 small-12 large-4\"  >\n\t\t\t\t<div class=\"col-inner\"  >\n\t\t\t\n\t\t\t\n\n\n\t<a class=\"plain\" href=\"\/index.php\/services\" >\t<div class=\"icon-box featured-box icon-box-center text-center\"  >\n\t\t\t\t\t<div class=\"icon-box-img\" style=\"width: 50px\">\n\t\t\t\t<div class=\"icon\">\n\t\t\t\t\t<div class=\"icon-inner\" >\n\t\t\t\t\t\t<img loading=\"lazy\" decoding=\"async\" width=\"300\" height=\"298\" src=\"https:\/\/sm2e.ma\/wp-content\/uploads\/2024\/02\/topography-geodetic-tool-icon-thin-line-vector-29919934-removebg-preview-300x298.png\" class=\"attachment-medium size-medium\" alt=\"\" srcset=\"https:\/\/sm2e.ma\/wp-content\/uploads\/2024\/02\/topography-geodetic-tool-icon-thin-line-vector-29919934-removebg-preview-300x298.png 300w, https:\/\/sm2e.ma\/wp-content\/uploads\/2024\/02\/topography-geodetic-tool-icon-thin-line-vector-29919934-removebg-preview-150x150.png 150w, https:\/\/sm2e.ma\/wp-content\/uploads\/2024\/02\/topography-geodetic-tool-icon-thin-line-vector-29919934-removebg-preview.png 501w\" sizes=\"auto, (max-width: 300px) 100vw, 300px\" \/>\t\t\t\t\t<\/div>\n\t\t\t\t<\/div>\n\t\t\t<\/div>\n\t\t\t\t<div class=\"icon-box-text last-reset\">\n\t\t\t\t\t\t\t\t\t\n\n<h3><strong>Lev\u00e9s Topographiques<\/strong><\/h3>\n<p>Des relev\u00e9s topographiques pr\u00e9cis et d\u00e9taill\u00e9s pour cartographier avec pr\u00e9cision votre terrain<\/p>\n\n\t\t<\/div>\n\t<\/div>\n\t<\/a>\n\t\n\n\t\t<\/div>\n\t\t\t\t\t<\/div>\n\n\t\n\n\t<div id=\"col-74188663\" class=\"col medium-4 small-12 large-4\"  >\n\t\t\t\t<div class=\"col-inner\"  >\n\t\t\t\n\t\t\t\n\n\n\t<a class=\"plain\" href=\"\/index.php\/services\" >\t<div class=\"icon-box featured-box icon-box-center text-center\"  >\n\t\t\t\t\t<div class=\"icon-box-img\" style=\"width: 50px\">\n\t\t\t\t<div class=\"icon\">\n\t\t\t\t\t<div class=\"icon-inner\" >\n\t\t\t\t\t\t<img loading=\"lazy\" decoding=\"async\" width=\"300\" height=\"300\" src=\"https:\/\/sm2e.ma\/wp-content\/uploads\/2024\/02\/target-300x300-1.png\" class=\"attachment-medium size-medium\" alt=\"\" srcset=\"https:\/\/sm2e.ma\/wp-content\/uploads\/2024\/02\/target-300x300-1.png 300w, https:\/\/sm2e.ma\/wp-content\/uploads\/2024\/02\/target-300x300-1-150x150.png 150w\" sizes=\"auto, (max-width: 300px) 100vw, 300px\" \/>\t\t\t\t\t<\/div>\n\t\t\t\t<\/div>\n\t\t\t<\/div>\n\t\t\t\t<div class=\"icon-box-text last-reset\">\n\t\t\t\t\t\t\t\t\t\n\n<h3><strong>Bornage<\/strong><\/h3>\n<p>D\u00e9limitation claire et pr\u00e9cise de vos parcelles fonci\u00e8res pour assurer une propri\u00e9t\u00e9 bien d\u00e9finie et \u00e9viter tout litige foncier.<\/p>\n\n\t\t<\/div>\n\t<\/div>\n\t<\/a>\n\t\n\n\t\t<\/div>\n\t\t\t\t\t<\/div>\n\n\t\n\n\t<div id=\"col-1232651461\" class=\"col medium-4 small-12 large-4\"  >\n\t\t\t\t<div class=\"col-inner\"  >\n\t\t\t\n\t\t\t\n\n\n\t<a class=\"plain\" href=\"\/index.php\/services\" >\t<div class=\"icon-box featured-box icon-box-center text-center\"  >\n\t\t\t\t\t<div class=\"icon-box-img\" style=\"width: 50px\">\n\t\t\t\t<div class=\"icon\">\n\t\t\t\t\t<div class=\"icon-inner\" >\n\t\t\t\t\t\t<img loading=\"lazy\" decoding=\"async\" width=\"300\" height=\"300\" src=\"https:\/\/sm2e.ma\/wp-content\/uploads\/2024\/02\/722013-300x300.png\" class=\"attachment-medium size-medium\" alt=\"\" srcset=\"https:\/\/sm2e.ma\/wp-content\/uploads\/2024\/02\/722013-300x300.png 300w, https:\/\/sm2e.ma\/wp-content\/uploads\/2024\/02\/722013-150x150.png 150w, https:\/\/sm2e.ma\/wp-content\/uploads\/2024\/02\/722013.png 512w\" sizes=\"auto, (max-width: 300px) 100vw, 300px\" \/>\t\t\t\t\t<\/div>\n\t\t\t\t<\/div>\n\t\t\t<\/div>\n\t\t\t\t<div class=\"icon-box-text last-reset\">\n\t\t\t\t\t\t\t\t\t\n\n<h3><strong>Cartographie Num\u00e9rique<\/strong><\/h3>\n<p>Cr\u00e9ation de cartes num\u00e9riques personnalis\u00e9es pour visualiser et analyser les donn\u00e9es g\u00e9ospatiales<\/p>\n\n\t\t<\/div>\n\t<\/div>\n\t<\/a>\n\t\n\n\t\t<\/div>\n\t\t\t\t\t<\/div>\n\n\t\n\n\n<style>\n#row-1801821523 > .col > .col-inner {\n  padding: 20px 20px 20px 20px;\n}\n<\/style>\n<\/div>\n\n\t\t<\/div>\n\n\t\t\n<style>\n#section_1533939081 {\n  padding-top: 25px;\n  padding-bottom: 25px;\n  background-color: rgb(255, 255, 255);\n}\n<\/style>\n\t<\/section>\n\t\n\t<section class=\"section\" id=\"section_1471084122\">\n\t\t<div class=\"bg section-bg fill bg-fill  bg-loaded\" >\n\n\t\t\t\n\t\t\t\n\t\t\t\n\n\t\t<\/div>\n\n\t\t\n\n\t\t<div class=\"section-content relative\">\n\t\t\t\n\n<span class=\"scroll-to\" data-label=\"Scroll to: #apropos\" data-bullet=\"false\" data-link=\"#apropos\" data-title=\"Apropos\" ><a name=\"apropos\"><\/a><\/span>\n\n\t<div id=\"gap-1654492082\" class=\"gap-element clearfix\" style=\"display:block; height:auto;\">\n\t\t\n<style>\n#gap-1654492082 {\n  padding-top: 30px;\n}\n<\/style>\n\t<\/div>\n\t\n\n<div class=\"row\"  id=\"row-453181756\">\n\n\n\t<div id=\"col-890503636\" class=\"col small-12 large-12\"  >\n\t\t\t\t<div class=\"col-inner\"  >\n\t\t\t\n\t\t\t\n\n<div class=\"row row-collapse align-equal\"  id=\"row-1177315476\">\n\n\n\t<div id=\"col-2096323349\" class=\"col medium-12 small-12 large-6\"  >\n\t\t\t\t<div class=\"col-inner\"  >\n\t\t\t\n\t\t\t\n\n\n  <div class=\"banner has-hover has-parallax\" id=\"banner-145428030\">\n          <div class=\"banner-inner fill\">\n        <div class=\"banner-bg fill\" data-parallax=\"-5\" data-parallax-container=\".banner\" data-parallax-background>\n            <div class=\"bg fill bg-fill \"><\/div>\n                        <div class=\"overlay\"><\/div>            \n            <div class=\"effect-sparkle bg-effect fill no-click\"><\/div>        <\/div>\n\t\t\n        <div class=\"banner-layers container\">\n            <div class=\"fill banner-link\"><\/div>            \n\n\n        <\/div>\n      <\/div>\n\n            \n<style>\n#banner-145428030 {\n  padding-top: 99.99%;\n  background-color: rgb(255, 255, 255);\n}\n#banner-145428030 .bg.bg-loaded {\n  background-image: url(https:\/\/sm2e.ma\/wp-content\/uploads\/2024\/02\/geo-6-1024x576.png);\n}\n#banner-145428030 .overlay {\n  background-color: rgba(0, 11, 51, 0.5);\n}\n#banner-145428030 .bg {\n  background-position: 18% 67%;\n}\n@media (min-width:550px) {\n  #banner-145428030 {\n    padding-top: 400px;\n  }\n}\n<\/style>\n  <\/div>\n\n\n\n\t\t<\/div>\n\t\t\t\t\t<\/div>\n\n\t\n\n\t<div id=\"col-572220924\" class=\"col medium-12 small-12 large-6\"  >\n\t\t\t\t<div class=\"col-inner\"  >\n\t\t\t\n\t\t\t\n\n\t<div id=\"gap-364224590\" class=\"gap-element clearfix\" style=\"display:block; height:auto;\">\n\t\t\n<style>\n#gap-364224590 {\n  padding-top: 15px;\n}\n<\/style>\n\t<\/div>\n\t\n\n\t<div id=\"text-1137790505\" class=\"text\">\n\t\t\n\n<h3 class=\"uppercase\">\u00c0 Propos de Nous<\/h3>\n\t\t\n<style>\n#text-1137790505 {\n  font-size: 1.8rem;\n  line-height: 1.75;\n}\n<\/style>\n\t<\/div>\n\t\n<p>La soci\u00e9t\u00e9 SM2E Apporte son savoir-faire technique en ing\u00e9nierie et topographie, depuis la pr\u00e9-\u00e9tude \u00e0 la gestion des infrastructures, en passant par le chantier. Notre objectif est d&rsquo;accompagner notre client\u00e8le \u00e0 rechercher les meilleures solutions dans notre domaine de comp\u00e9tence.<\/p>\n<a href=\"\/index.php\/a-propos-de-nous\" target=\"_self\" class=\"button primary is-link\"  style=\"padding:0px 0px 0px 0px;\">\n    <span>en savoir plus<\/span>\n  <i class=\"icon-angle-right\" aria-hidden=\"true\" ><\/i><\/a>\n\n\n\n\t\t<\/div>\n\t\t\t\t\n<style>\n#col-572220924 > .col-inner {\n  padding: 30px 30px 10px 30px;\n}\n@media (min-width:550px) {\n  #col-572220924 > .col-inner {\n    padding: 60px 60px 40px 60px;\n  }\n}\n@media (min-width:850px) {\n  #col-572220924 > .col-inner {\n    padding: 60px 60px 30px 60px;\n  }\n}\n<\/style>\n\t<\/div>\n\n\t\n\n\n<style>\n#row-1177315476 > .col > .col-inner {\n  background-color: rgb(255, 255, 255);\n}\n<\/style>\n<\/div>\n\n\t\t<\/div>\n\t\t\t\t\t<\/div>\n\n\t\n\n<\/div>\n\n\t\t<\/div>\n\n\t\t\n<style>\n#section_1471084122 {\n  padding-top: 40px;\n  padding-bottom: 40px;\n  background-color: rgb(39, 54, 70);\n}\n<\/style>\n\t<\/section>\n\t\n\t<section class=\"section\" id=\"section_142798039\">\n\t\t<div class=\"bg section-bg fill bg-fill  bg-loaded\" >\n\n\t\t\t\n\t\t\t\n\t\t\t\n\n\t\t<\/div>\n\n\t\t\n\n\t\t<div class=\"section-content relative\">\n\t\t\t\n\n<div class=\"row\"  id=\"row-334080578\">\n\n\n\t<div id=\"col-257115907\" class=\"col medium-12 small-12 large-12\"  >\n\t\t\t\t<div class=\"col-inner text-center\"  >\n\t\t\t\n\t\t\t\n\n<div class=\"text-center\"><div class=\"is-divider divider clearfix\" style=\"max-width:90px;height:5px;background-color:rgb(233, 123, 43);\"><\/div><\/div>\n\n<div class=\"row\"  id=\"row-529500312\">\n\n\n\t<div id=\"col-236533811\" class=\"col medium-8 small-12 large-8 col-hover-focus\"  data-animate=\"fadeInUp\">\n\t\t\t\t<div class=\"col-inner text-center dark\"  >\n\t\t\t\n\t\t\t\n\n\t<div id=\"text-3138166205\" class=\"text\">\n\t\t\n\n<h1>Clients et R\u00e9f\u00e9rences<\/h1>\n\t\t\n<style>\n#text-3138166205 {\n  font-size: 1.35rem;\n  color: rgb(39, 54, 70);\n}\n#text-3138166205 > * {\n  color: rgb(39, 54, 70);\n}\n<\/style>\n\t<\/div>\n\t\n\t<div id=\"text-556415970\" class=\"text\">\n\t\t\n\n<p>Notre engagement envers l&rsquo;excellence et notre approche ax\u00e9e sur la satisfaction client ont permis d&rsquo;\u00e9tablir des relations solides et durables avec nos clients.<\/p>\n\t\t\n<style>\n#text-556415970 {\n  color: rgb(39, 54, 70);\n}\n#text-556415970 > * {\n  color: rgb(39, 54, 70);\n}\n<\/style>\n\t<\/div>\n\t\n\n\t\t<\/div>\n\t\t\t\t\n<style>\n#col-236533811 > .col-inner {\n  margin: 0px 0px -38px 0px;\n}\n<\/style>\n\t<\/div>\n\n\t\n\n<\/div>\n<div class=\"slider-wrapper relative\" id=\"slider-1665598711\" >\n    <div class=\"slider slider-nav-simple slider-nav-normal slider-nav-light slider-nav-outside slider-style-focus slider-show-nav\"\n        data-flickity-options='{\n            \"cellAlign\": \"center\",\n            \"imagesLoaded\": true,\n            \"lazyLoad\": 1,\n            \"freeScroll\": true,\n            \"wrapAround\": true,\n            \"autoPlay\": 4000,\n            \"pauseAutoPlayOnHover\" : false,\n            \"prevNextButtons\": true,\n            \"contain\" : true,\n            \"adaptiveHeight\" : true,\n            \"dragThreshold\" : 10,\n            \"percentPosition\": true,\n            \"pageDots\": false,\n            \"rightToLeft\": false,\n            \"draggable\": true,\n            \"selectedAttraction\": 0.1,\n            \"parallax\" : 0,\n            \"friction\": 0.6        }'\n        >\n        \n\n<div class=\"ux-logo has-hover align-middle ux_logo inline-block\" style=\"max-width: 100%!important; width: 130px!important\"><div class=\"ux-logo-link block image-\" title=\"\" href=\"\" style=\"padding: 15px;\"><img decoding=\"async\" src=\"https:\/\/sm2e.ma\/wp-content\/uploads\/2024\/02\/9.png\" title=\"\" alt=\"\" class=\"ux-logo-image block\" style=\"height:100px;\" \/><\/div><\/div>\n\n<div class=\"ux-logo has-hover align-middle ux_logo inline-block\" style=\"max-width: 100%!important; width: 130px!important\"><div class=\"ux-logo-link block image-\" title=\"\" href=\"\" style=\"padding: 15px;\"><img decoding=\"async\" src=\"https:\/\/sm2e.ma\/wp-content\/uploads\/2024\/02\/1.png\" title=\"\" alt=\"\" class=\"ux-logo-image block\" style=\"height:100px;\" \/><\/div><\/div>\n\n\n     <\/div>\n\n     <div class=\"loading-spin dark large centered\"><\/div>\n\n\t<\/div>\n\n\n\n\t\t<\/div>\n\t\t\t\t\t<\/div>\n\n\t\n\n<\/div>\n\n\t\t<\/div>\n\n\t\t\n<style>\n#section_142798039 {\n  padding-top: 40px;\n  padding-bottom: 40px;\n}\n<\/style>\n\t<\/section>\n\t\n\t<section class=\"section dark has-parallax\" id=\"section_1180891959\">\n\t\t<div class=\"bg section-bg fill bg-fill  \" data-parallax-container=\".section\" data-parallax-background data-parallax=\"-6\">\n\n\t\t\t\n\t\t\t<div class=\"section-bg-overlay absolute fill\"><\/div>\n\t\t\t\n\n\t\t<\/div>\n\n\t\t\n\n\t\t<div class=\"section-content relative\">\n\t\t\t\n\n<div class=\"row align-right\"  id=\"row-1821756079\">\n\n\n\t<div id=\"col-1278500614\" class=\"col medium-12 small-12 large-6\"  data-animate=\"fadeInUp\">\n\t\t\t\t<div class=\"col-inner text-center\"  >\n\t\t\t\n\t\t\t\n\n\t<div id=\"gap-1945746882\" class=\"gap-element clearfix\" style=\"display:block; height:auto;\">\n\t\t\n<style>\n#gap-1945746882 {\n  padding-top: 30px;\n}\n<\/style>\n\t<\/div>\n\t\n\n\t<div id=\"text-762431252\" class=\"text\">\n\t\t\n\n<h2 class=\"uppercase\">Contactez-nous<\/h2>\n\t\t\n<style>\n#text-762431252 {\n  font-size: 1.65rem;\n  text-align: center;\n}\n@media (min-width:850px) {\n  #text-762431252 {\n    text-align: right;\n  }\n}\n<\/style>\n\t<\/div>\n\t\n\t<div id=\"text-2401401812\" class=\"text\">\n\t\t\n\n<p>N&rsquo;h\u00e9sitez pas \u00e0 nous contacter. Notre \u00e9quipe est l\u00e0 pour r\u00e9pondre \u00e0 toutes vos questions et vous fournir le soutien dont vous avez besoin.<\/p>\n\t\t\n<style>\n#text-2401401812 {\n  text-align: center;\n}\n@media (min-width:850px) {\n  #text-2401401812 {\n    text-align: right;\n  }\n}\n<\/style>\n\t<\/div>\n\t\n\t<div id=\"stack-4146072962\" class=\"stack stack-row justify-end items-stretch sm:stack-col md:justify-center\">\n\t\t\n\n<a href=\"\/index.php\/contactez-nous\" target=\"_self\" class=\"button white\"  style=\"padding:5px 30px 5px 30px;\">\n  <i class=\"icon-envelop\" aria-hidden=\"true\" ><\/i>  <span>Contact<\/span>\n  <\/a>\n\n\n\n\t\t\n<style>\n#stack-4146072962 > * {\n  --stack-gap: 0.75rem;\n}\n<\/style>\n\t<\/div>\n\t\n\n\t\t<\/div>\n\t\t\t\t\n<style>\n#col-1278500614 > .col-inner {\n  padding: 0px 0 0px 0px;\n}\n@media (min-width:550px) {\n  #col-1278500614 > .col-inner {\n    padding: 0px 10% 0px 10%;\n  }\n}\n<\/style>\n\t<\/div>\n\n\t\n\n<\/div>\n\n\t\t<\/div>\n\n\t\t\n<style>\n#section_1180891959 {\n  padding-top: 30px;\n  padding-bottom: 30px;\n  min-height: 350px;\n}\n#section_1180891959 .section-bg-overlay {\n  background-color: rgba(0, 0, 0, 0.3);\n}\n#section_1180891959 .section-bg.bg-loaded {\n  background-image: url(https:\/\/sm2e.ma\/wp-content\/uploads\/2024\/02\/geo-7-1.png);\n}\n#section_1180891959 .section-bg {\n  background-position: 50% 68%;\n}\n@media (min-width:550px) {\n  #section_1180891959 .section-bg-overlay {\n    background-color: rgba(0, 0, 0, 0.552);\n  }\n}\n<\/style>\n\t<\/section>\n\t\n\n","protected":false},"excerpt":{"rendered":"","protected":false},"author":1,"featured_media":0,"parent":0,"menu_order":0,"comment_status":"closed","ping_status":"closed","template":"page-blank.php","meta":{"footnotes":""},"class_list":["post-13","page","type-page","status-publish","hentry"],"_links":{"self":[{"href":"https:\/\/sm2e.ma\/index.php\/wp-json\/wp\/v2\/pages\/13","targetHints":{"allow":["GET"]}}],"collection":[{"href":"https:\/\/sm2e.ma\/index.php\/wp-json\/wp\/v2\/pages"}],"about":[{"href":"https:\/\/sm2e.ma\/index.php\/wp-json\/wp\/v2\/types\/page"}],"author":[{"embeddable":true,"href":"https:\/\/sm2e.ma\/index.php\/wp-json\/wp\/v2\/users\/1"}],"replies":[{"embeddable":true,"href":"https:\/\/sm2e.ma\/index.php\/wp-json\/wp\/v2\/comments?post=13"}],"version-history":[{"count":35,"href":"https:\/\/sm2e.ma\/index.php\/wp-json\/wp\/v2\/pages\/13\/revisions"}],"predecessor-version":[{"id":174,"href":"https:\/\/sm2e.ma\/index.php\/wp-json\/wp\/v2\/pages\/13\/revisions\/174"}],"wp:attachment":[{"href":"https:\/\/sm2e.ma\/index.php\/wp-json\/wp\/v2\/media?parent=13"}],"curies":[{"name":"wp","href":"https:\/\/api.w.org\/{rel}","templated":true}]}}